{"id":2462,"date":"2025-11-13T10:42:57","date_gmt":"2025-11-13T10:42:57","guid":{"rendered":"https:\/\/galanadvocats.com\/declaracio-daccessibilitat\/"},"modified":"2026-01-26T08:32:57","modified_gmt":"2026-01-26T08:32:57","slug":"declaracio-daccessibilitat","status":"publish","type":"page","link":"https:\/\/galanadvocats.com\/ca\/declaracio-daccessibilitat\/","title":{"rendered":"Declaraci\u00f3 d&#8217;Accessibilitat"},"content":{"rendered":"\t\t<div data-elementor-type=\"wp-page\" data-elementor-id=\"2462\" class=\"elementor elementor-2462 elementor-1982\" data-elementor-post-type=\"page\">\n\t\t\t\t<div class=\"elementor-element elementor-element-58437c10 e-flex e-con-boxed e-con e-parent\" data-id=\"58437c10\" data-element_type=\"container\" data-e-type=\"container\">\n\t\t\t\t\t<div class=\"e-con-inner\">\n\t\t\t\t<div class=\"elementor-element elementor-element-47fe2798 elementor-widget elementor-widget-text-editor\" data-id=\"47fe2798\" data-element_type=\"widget\" data-e-type=\"widget\" data-widget_type=\"text-editor.default\">\n\t\t\t\t\t\t\t\t\t\n<p data-start=\"393\" data-end=\"762\"><strong data-start=\"393\" data-end=\"426\">Galan Advocats Montbui S.L.P. <\/strong>s&#8217;ha comprom\u00e8s a fer accessible el seu lloc web, de conformitat amb el <strong data-start=\"500\" data-end=\"526\">Reial decret 1112\/2018<\/strong>, de 7 de setembre, sobre l&#8217;accessibilitat dels llocs web i aplicacions per a dispositius m\u00f2bils del sector p\u00fablic, aplicat de manera orientativa a entitats privades que desitgen garantir la igualtat d&#8217;acc\u00e9s a la informaci\u00f3.<\/p>\n<hr data-start=\"764\" data-end=\"767\">\n<h3 data-start=\"769\" data-end=\"798\">Situaci\u00f3 de compliment<\/h3>\n<p data-start=\"799\" data-end=\"977\">Aquest lloc web <strong data-start=\"814\" data-end=\"842\">\u00e9s parcialment conforme<\/strong> amb el Reial decret 1112\/2018 a causa de les excepcions i a la falta de conformitat d&#8217;alguns aspectes que es detallen a continuaci\u00f3.<\/p>\n<hr data-start=\"979\" data-end=\"982\">\n<h3 data-start=\"984\" data-end=\"1010\">Contingut no accessible<\/h3>\n<p data-start=\"1011\" data-end=\"1096\">El contingut que s&#8217;indica a continuaci\u00f3 no \u00e9s accessible per les seg\u00fcents raons:<\/p>\n<ul data-start=\"1098\" data-end=\"1515\">\n<li data-start=\"1098\" data-end=\"1187\">\n<p data-start=\"1100\" data-end=\"1187\">Poden existir errors puntuals de contrast en alguns textos o elements gr\u00e0fics.<\/p>\n<\/li>\n<li data-start=\"1188\" data-end=\"1282\">\n<p data-start=\"1190\" data-end=\"1282\">Algunes imatges o elements multim\u00e8dia podrien no disposar de text alternatiu adequat.<\/p>\n<\/li>\n<li data-start=\"1283\" data-end=\"1417\">\n<p data-start=\"1285\" data-end=\"1417\">Determinats documents descarregables (per exemple, arxius PDF) podrien no complir completament els requisits d&#8217;accessibilitat.<\/p>\n<\/li>\n<li data-start=\"1418\" data-end=\"1515\">\n<p data-start=\"1420\" data-end=\"1515\">\u00c9s possible que existeixin errors d&#8217;estructura o etiquetatge en alguns encap\u00e7alats o formularis.<\/p>\n<\/li>\n<\/ul>\n<hr data-start=\"1517\" data-end=\"1520\">\n<h3 data-start=\"1522\" data-end=\"1574\">Preparaci\u00f3 d&#8217;aquesta declaraci\u00f3 d&#8217;accessibilitat<\/h3>\n<ul data-start=\"1575\" data-end=\"1784\">\n<li data-start=\"1575\" data-end=\"1648\">\n<p data-start=\"1577\" data-end=\"1648\">La present declaraci\u00f3 va ser preparada el <strong data-start=\"1618\" data-end=\"1645\">13 de novembre de 2025.<\/strong><\/p>\n<\/li>\n<li data-start=\"1649\" data-end=\"1784\">\n<p data-start=\"1651\" data-end=\"1784\">El m\u00e8tode emprat per a preparar la declaraci\u00f3 ha estat una <strong data-start=\"1711\" data-end=\"1730\">auto-avaluaci\u00f3<\/strong> duta a terme per <strong data-start=\"1750\" data-end=\"1783\">Galan Advocats Montbui S.L.P..<\/strong><\/p>\n<\/li>\n<\/ul>\n<hr data-start=\"1786\" data-end=\"1789\">\n<h3 data-start=\"1791\" data-end=\"1828\">Observacions i dades de contacte<\/h3>\n<p data-start=\"1829\" data-end=\"1956\">Pot realitzar comunicacions sobre requisits d&#8217;accessibilitat (article 10.2.a del Reial decret 1112\/2018), com per exemple:<\/p>\n<ul data-start=\"1958\" data-end=\"2197\">\n<li data-start=\"1958\" data-end=\"2038\">\n<p data-start=\"1960\" data-end=\"2038\">Informar sobre qualsevol possible incompliment per part d&#8217;aquest lloc web.<\/p>\n<\/li>\n<li data-start=\"2039\" data-end=\"2096\">\n<p data-start=\"2041\" data-end=\"2096\">Transmetre altres dificultats d&#8217;acc\u00e9s al contingut.<\/p>\n<\/li>\n<li data-start=\"2097\" data-end=\"2197\">\n<p data-start=\"2099\" data-end=\"2197\">Formular qualsevol altra consulta o suggeriment de millora relativa a l&#8217;accessibilitat del lloc web.<\/p>\n<\/li>\n<\/ul>\n<p data-start=\"2199\" data-end=\"2272\">Aquestes comunicacions poden realitzar-se a trav\u00e9s dels seg\u00fcents mitjans:<\/p>\n<p data-start=\"2274\" data-end=\"2491\"><strong data-start=\"2274\" data-end=\"2290\">Responsable:<\/strong> Galan Advocats Montbui S.L.P.<br data-start=\"2320\" data-end=\"2323\"><strong data-start=\"2323\" data-end=\"2337\">Domicili:<\/strong> Passeig Moss\u00e8n Jacint Verdaguer, 110, 1r 2a, 08700 Igualada (Barcelona)<br data-start=\"2409\" data-end=\"2412\"><strong data-start=\"2412\" data-end=\"2435\">Correu electr\u00f2nic:<\/strong> <a class=\"decorated-link cursor-pointer\" rel=\"noopener\" data-start=\"2436\" data-end=\"2491\">info@galanadvocats.com<\/a><\/p>\n<hr data-start=\"2493\" data-end=\"2496\">\n<h3 data-start=\"2498\" data-end=\"2529\">Procediment d&#8217;aplicaci\u00f3<\/h3>\n<p data-start=\"2530\" data-end=\"2887\">Si una vegada realitzada una sol\u00b7licitud d&#8217;informaci\u00f3 accessible o queixa, aquesta hagu\u00e9s estat desestimada, o no s&#8217;hagu\u00e9s rebut resposta, la persona interessada podr\u00e0 dirigir una reclamaci\u00f3 davant el Defensor del Poble o davant l&#8217;autoritat competent en mat\u00e8ria d&#8217;accessibilitat digital, conforme al que es disposa en l&#8217;article 13 del Reial decret 1112\/2018.<\/p>\n<hr data-start=\"2889\" data-end=\"2892\">\n<h3 data-start=\"2894\" data-end=\"2927\">Comprom\u00eds de millora cont\u00ednua<\/h3>\n<p data-start=\"2928\" data-end=\"3212\"><strong data-start=\"2928\" data-end=\"2961\">Galan Advocats Montbui S.L.P.<\/strong> continua treballant per a millorar l&#8217;accessibilitat i la usabilitat del seu lloc web, amb l&#8217;objectiu de garantir que totes les persones, independentment de les seves capacitats, puguin accedir a la informaci\u00f3 i els serveis de manera f\u00e0cil i efectiva.<\/p>\n\t\t\t\t\t\t\t\t<\/div>\n\t\t\t\t\t<\/div>\n\t\t\t\t<\/div>\n\t\t\t\t<\/div>\n\t\t","protected":false},"excerpt":{"rendered":"Galan Advocats Montbui S.L.P. s&#8217;ha comprom\u00e8s a fer accessible el seu lloc web, de conformitat amb el Reial decret 1112\/2018, de 7 de setembre, sobre l&#8217;accessibilitat dels llocs web i aplicacions per a dispositius m\u00f2bils del sector p\u00fablic, aplicat de manera orientativa a entitats privades que desitgen garantir la igualtat d&#8217;acc\u00e9s a la informaci\u00f3. Situaci\u00f3 ","protected":false},"author":1,"featured_media":0,"parent":0,"menu_order":0,"comment_status":"closed","ping_status":"open","template":"","meta":{"footnotes":""},"class_list":["post-2462","page","type-page","status-publish","hentry"],"_links":{"self":[{"href":"https:\/\/galanadvocats.com\/ca\/wp-json\/wp\/v2\/pages\/2462","targetHints":{"allow":["GET"]}}],"collection":[{"href":"https:\/\/galanadvocats.com\/ca\/wp-json\/wp\/v2\/pages"}],"about":[{"href":"https:\/\/galanadvocats.com\/ca\/wp-json\/wp\/v2\/types\/page"}],"author":[{"embeddable":true,"href":"https:\/\/galanadvocats.com\/ca\/wp-json\/wp\/v2\/users\/1"}],"replies":[{"embeddable":true,"href":"https:\/\/galanadvocats.com\/ca\/wp-json\/wp\/v2\/comments?post=2462"}],"version-history":[{"count":3,"href":"https:\/\/galanadvocats.com\/ca\/wp-json\/wp\/v2\/pages\/2462\/revisions"}],"predecessor-version":[{"id":2465,"href":"https:\/\/galanadvocats.com\/ca\/wp-json\/wp\/v2\/pages\/2462\/revisions\/2465"}],"wp:attachment":[{"href":"https:\/\/galanadvocats.com\/ca\/wp-json\/wp\/v2\/media?parent=2462"}],"curies":[{"name":"wp","href":"https:\/\/api.w.org\/{rel}","templated":true}]}}