{"id":2466,"date":"2025-11-11T13:47:09","date_gmt":"2025-11-11T13:47:09","guid":{"rendered":"https:\/\/galanadvocats.com\/politica-de-cookies\/"},"modified":"2026-01-26T08:42:04","modified_gmt":"2026-01-26T08:42:04","slug":"politica-de-cookies","status":"publish","type":"page","link":"https:\/\/galanadvocats.com\/ca\/politica-de-cookies\/","title":{"rendered":"Pol\u00edtica de Cookies"},"content":{"rendered":"\n<p><strong>1. Qu\u00e8 s\u00f3n les cookies?<\/strong><\/p>\n\n<p>Les cookies s\u00f3n petits arxius de text que es descarreguen en el dispositiu de l&#8217;usuari (ordinador, tel\u00e8fon intel\u00b7ligent, tauleta, etc.) en accedir a determinades p\u00e0gines web.<br\/>Les cookies permeten, entre altres coses, emmagatzemar i recuperar informaci\u00f3 sobre els h\u00e0bits de navegaci\u00f3 d&#8217;un usuari o del seu equip i, depenent de la informaci\u00f3 que continguin i de la forma en qu\u00e8 s&#8217;utilitzi el seu dispositiu, poden utilitzar-se per a recon\u00e8ixer a l&#8217;usuari.<\/p>\n\n<hr class=\"wp-block-separator has-alpha-channel-opacity\"\/>\n\n<h2 class=\"wp-block-heading\"><strong>2. Tipus de cookies utilitzades<\/strong><\/h2>\n\n<p>El lloc web de <strong>Galan Advocats<\/strong> utilitza cookies pr\u00f2pies i de tercers amb la finalitat de millorar l&#8217;experi\u00e8ncia de navegaci\u00f3 i oferir un millor servei.<br\/>A continuaci\u00f3, es detallen els tipus de cookies que poden instal\u00b7lar-se en navegar per aquest lloc web:<\/p>\n\n<h3 class=\"wp-block-heading\"><strong>Segons l&#8217;entitat que les gestioni<\/strong><\/h3>\n\n<ul class=\"wp-block-list\">\n<li><strong>Cookies pr\u00f2pies:<\/strong> S\u00f3n les enviades a l&#8217;equip de l&#8217;usuari des d&#8217;un equip o domini gestionat per <strong>Galan Advocats<\/strong> i des del qual es presta el servei sol\u00b7licitat.<\/li>\n\n\n\n<li><strong>Cookies de tercers:<\/strong> S\u00f3n les enviades a l&#8217;equip de l&#8217;usuari des d&#8217;un equip o domini no gestionat per <strong>Galan Advocats<\/strong>, sin\u00f3 per una altra entitat que tracta les dades obtingudes a trav\u00e9s de les cookies (per exemple, Google Analytics).<\/li>\n<\/ul>\n\n<h3 class=\"wp-block-heading\"><strong>Segons la seva finalitat<\/strong><\/h3>\n\n<ul class=\"wp-block-list\">\n<li><strong>Cookies t\u00e8cniques:<\/strong> Permeten la navegaci\u00f3 a trav\u00e9s del lloc web i l&#8217;\u00fas de les diferents opcions o serveis que en ell existeixen (per exemple, controlar el tr\u00e0nsit, identificar la sessi\u00f3 o recordar elements d&#8217;un formulari).<\/li>\n\n\n\n<li><strong>Cookies de personalitzaci\u00f3:<\/strong> Permeten a l&#8217;usuari accedir amb caracter\u00edstiques predefinides en funci\u00f3 d&#8217;una s\u00e8rie de criteris (idioma, tipus de navegador, configuraci\u00f3 regional, etc.).<\/li>\n\n\n\n<li><strong>Cookies d&#8217;an\u00e0lisis:<\/strong> Permeten el seguiment i an\u00e0lisi del comportament dels usuaris en el lloc web, amb la finalitat d&#8217;introduir millores en funci\u00f3 de les dades d&#8217;\u00fas (per exemple, cookies de Google Analytics).<\/li>\n\n\n\n<li><strong>Cookies publicit\u00e0ries:<\/strong> Permeten la gesti\u00f3 efica\u00e7 dels espais publicitaris que poguessin incloure&#8217;s en la web. <em>(Actualment, aquest lloc no utilitza cookies publicit\u00e0ries).<\/em><\/li>\n<\/ul>\n\n<h3 class=\"wp-block-heading\"><strong>Segons el termini de temps que romanen activades<\/strong><\/h3>\n\n<ul class=\"wp-block-list\">\n<li><strong>Cookies de sessi\u00f3:<\/strong> Recapten i emmagatzemen dades mentre l&#8217;usuari accedeix a la web.<\/li>\n\n\n\n<li><strong>Cookies persistents:<\/strong> Les dades romanen emmagatzemats en el terminal i poden ser accedits i tractats durant un per\u00edode definit pel responsable de la cookie.<\/li>\n<\/ul>\n\n<hr class=\"wp-block-separator has-alpha-channel-opacity\"\/>\n\n<h2 class=\"wp-block-heading\"><strong>3. Cookies utilitzades en aquest lloc web<\/strong><\/h2>\n\n<p>En l&#8217;actualitat, aquest lloc web pot utilitzar les seg\u00fcents cookies:<\/p>\n\n<figure class=\"wp-block-table\"><table class=\"has-fixed-layout\"><thead><tr><th><strong>Nom<\/strong><\/th><th><strong>Tipus<\/strong><\/th><th><strong>Prop\u00f2sit<\/strong><\/th><th><strong>Durada<\/strong><\/th><th><strong>Titular<\/strong><\/th><\/tr><\/thead><tbody><tr><td><code>cookie_consent<\/code><\/td><td>T\u00e8cnica<\/td><td>Guarda l&#8217;acceptaci\u00f3 de l&#8217;\u00fas de cookies per part de l&#8217;usuari.<\/td><td>1 any<\/td><td>Pr\u00f2pia<\/td><\/tr><tr><td><code>_ga<\/code>,  <code>_gid<\/code><\/td><td>Anal\u00edtica<\/td><td>Permeten distingir als usuaris i mesurar l&#8217;\u00fas del lloc web.<\/td><td>2 anys \/ 24 hores<\/td><td>Google Analytics<\/td><\/tr><tr><td><code>_gat<\/code><\/td><td>Anal\u00edtica<\/td><td>Limita el percentatge de sol\u00b7licituds.<\/td><td>1 minut<\/td><td>Google Analytics<\/td><\/tr><\/tbody><\/table><\/figure>\n\n<blockquote class=\"wp-block-quote is-layout-flow wp-block-quote-is-layout-flow\">\n<p><strong>Nota:<\/strong> La informaci\u00f3 emmagatzemada per les cookies de Google Analytics es transmet i emmagatzema en els servidors de Google Inc., situada als Estats Units.<br\/>Google es compromet a garantir un nivell adequat de protecci\u00f3 de les dades personals conforme al RGPD.<\/p>\n<\/blockquote>\n\n<hr class=\"wp-block-separator has-alpha-channel-opacity\"\/>\n\n<h2 class=\"wp-block-heading\"><strong>4. Configuraci\u00f3, desactivaci\u00f3 o eliminaci\u00f3 de cookies<\/strong><\/h2>\n\n<p>L&#8217;usuari pot permetre, bloquejar o eliminar les cookies instal\u00b7lades en el seu equip mitjan\u00e7ant la configuraci\u00f3 de les opcions del navegador.<br\/>A continuaci\u00f3, s&#8217;indiquen els enlla\u00e7os als principals navegadors per a modificar la configuraci\u00f3 de cookies:<\/p>\n\n<ul class=\"wp-block-list\">\n<li><a>Google Chrome<\/a><\/li>\n\n\n\n<li><a href=\"https:\/\/support.mozilla.org\/es\/kb\/habilitar-y-deshabilitar-cookies-sitios-web-rastrear-preferencias\">Mozilla Firefox<\/a><\/li>\n\n\n\n<li><a>Microsoft Edge<\/a><\/li>\n\n\n\n<li><a href=\"https:\/\/support.apple.com\/es-es\/guide\/safari\/sfri11471\/mac\">Safari (Apple)<\/a><\/li>\n\n\n\n<li><a>Opera<\/a><\/li>\n<\/ul>\n\n<p>Si bloqueja o desactiva l&#8217;\u00fas de cookies, \u00e9s possible que alguns serveis o funcionalitats del lloc web no estiguin disponibles o no funcionin correctament.<\/p>\n\n<hr class=\"wp-block-separator has-alpha-channel-opacity\"\/>\n\n<h2 class=\"wp-block-heading\"><strong>5. Acceptaci\u00f3 de la pol\u00edtica de cookies<\/strong><\/h2>\n\n<p>En accedir per primera vegada al lloc web de <strong>Galan Advocats<\/strong>, apareixer\u00e0 un b\u00e0ner o av\u00eds informant sobre l&#8217;\u00fas de cookies i un enlla\u00e7 a la present pol\u00edtica.<br\/>Si l&#8217;usuari continua navegant, s&#8217;entendr\u00e0 que accepta la instal\u00b7laci\u00f3 i \u00fas de les cookies esmentades.<\/p>\n\n<p>No obstant aix\u00f2, en qualsevol moment podr\u00e0 <strong>retirar el seu consentiment<\/strong> mitjan\u00e7ant els mecanismes habilitats en el b\u00e0ner de configuraci\u00f3 o en el seu navegador.<\/p>\n\n<hr class=\"wp-block-separator has-alpha-channel-opacity\"\/>\n\n<h2 class=\"wp-block-heading\"><strong>6. Actualitzaci\u00f3 de la pol\u00edtica de cookies<\/strong><\/h2>\n\n<p><strong>Galan Advocats<\/strong> pot modificar aquesta Pol\u00edtica de Cookies en funci\u00f3 de noves exig\u00e8ncies legislatives o per canvis en la configuraci\u00f3 del lloc web.<br\/>Per aix\u00f2, es recomana a l&#8217;usuari revisar peri\u00f2dicament aquesta pol\u00edtica.<\/p>\n","protected":false},"excerpt":{"rendered":"1. Qu\u00e8 s\u00f3n les cookies? Les cookies s\u00f3n petits arxius de text que es descarreguen en el dispositiu de l&#8217;usuari (ordinador, tel\u00e8fon intel\u00b7ligent, tauleta, etc.) en accedir a determinades p\u00e0gines web.Les cookies permeten, entre altres coses, emmagatzemar i recuperar informaci\u00f3 sobre els h\u00e0bits de navegaci\u00f3 d&#8217;un usuari o del seu equip i, depenent de la ","protected":false},"author":1,"featured_media":0,"parent":0,"menu_order":0,"comment_status":"closed","ping_status":"closed","template":"","meta":{"footnotes":""},"class_list":["post-2466","page","type-page","status-publish","hentry"],"_links":{"self":[{"href":"https:\/\/galanadvocats.com\/ca\/wp-json\/wp\/v2\/pages\/2466","targetHints":{"allow":["GET"]}}],"collection":[{"href":"https:\/\/galanadvocats.com\/ca\/wp-json\/wp\/v2\/pages"}],"about":[{"href":"https:\/\/galanadvocats.com\/ca\/wp-json\/wp\/v2\/types\/page"}],"author":[{"embeddable":true,"href":"https:\/\/galanadvocats.com\/ca\/wp-json\/wp\/v2\/users\/1"}],"replies":[{"embeddable":true,"href":"https:\/\/galanadvocats.com\/ca\/wp-json\/wp\/v2\/comments?post=2466"}],"version-history":[{"count":1,"href":"https:\/\/galanadvocats.com\/ca\/wp-json\/wp\/v2\/pages\/2466\/revisions"}],"predecessor-version":[{"id":2467,"href":"https:\/\/galanadvocats.com\/ca\/wp-json\/wp\/v2\/pages\/2466\/revisions\/2467"}],"wp:attachment":[{"href":"https:\/\/galanadvocats.com\/ca\/wp-json\/wp\/v2\/media?parent=2466"}],"curies":[{"name":"wp","href":"https:\/\/api.w.org\/{rel}","templated":true}]}}